{"id":13,"date":"2016-04-13T11:31:05","date_gmt":"2016-04-13T09:31:05","guid":{"rendered":"http:\/\/www.lelabdentaire.com\/?page_id=13"},"modified":"2021-12-17T13:28:46","modified_gmt":"2021-12-17T12:28:46","slug":"espace-grand-public","status":"publish","type":"page","link":"http:\/\/www.lelabdentaire.com\/new-site\/espace-grand-public\/","title":{"rendered":"Espace Grand Public"},"content":{"rendered":"<div id=\"pl-13\"  class=\"panel-layout\" ><div id=\"pg-13-0\"  class=\"panel-grid panel-no-style\" ><div id=\"pgc-13-0-0\"  class=\"panel-grid-cell\" ><div id=\"panel-13-0-0-0\" class=\"so-panel widget widget_sow-editor panel-first-child panel-last-child\" data-index=\"0\" ><div class=\"so-widget-sow-editor so-widget-sow-editor-base\"><h3 class=\"widget-title\">Patients le saviez-vous ?<\/h3>\n<div class=\"siteorigin-widget-tinymce textwidget\">\n\t<p>Un implant est une racine artificielle en titane, viss\u00e9e dans l'os de la m\u00e2choire sur laquelle est pos\u00e9 une dent proth\u00e9tique esth\u00e9tique.\u00a0<\/p>\n<\/div>\n<\/div><\/div><\/div><div id=\"pgc-13-0-1\"  class=\"panel-grid-cell\" ><div id=\"panel-13-0-1-0\" class=\"so-panel widget widget_sow-editor panel-first-child panel-last-child\" data-index=\"1\" ><div class=\"so-widget-sow-editor so-widget-sow-editor-base\">\n<div class=\"siteorigin-widget-tinymce textwidget\">\n\t<p><img loading=\"lazy\" class=\"alignnone size-medium wp-image-15\" src=\"http:\/\/www.lelabdentaire.com\/wp-content\/uploads\/2016\/04\/photo-dimplants-300x187.jpg\" alt=\"photo-dimplants\" width=\"300\" height=\"187\" srcset=\"http:\/\/www.lelabdentaire.com\/new-site\/wp-content\/uploads\/2016\/04\/photo-dimplants-300x187.jpg 300w, http:\/\/www.lelabdentaire.com\/new-site\/wp-content\/uploads\/2016\/04\/photo-dimplants.jpg 469w\" sizes=\"(max-width: 300px) 100vw, 300px\" \/><\/p>\n<\/div>\n<\/div><\/div><\/div><\/div><div id=\"pg-13-1\"  class=\"panel-grid panel-no-style\" ><div id=\"pgc-13-1-0\"  class=\"panel-grid-cell\" ><div id=\"panel-13-1-0-0\" class=\"so-panel widget widget_sow-editor panel-first-child panel-last-child\" data-index=\"2\" ><div class=\"so-widget-sow-editor so-widget-sow-editor-base\">\n<div class=\"siteorigin-widget-tinymce textwidget\">\n\t<p><iframe loading=\"lazy\" src=\"https:\/\/www.youtube.com\/embed\/PrbX15MWAMg\" width=\"560\" height=\"315\" frameborder=\"0\" allowfullscreen=\"allowfullscreen\"><\/iframe><\/p>\n<\/div>\n<\/div><\/div><\/div><div id=\"pgc-13-1-1\"  class=\"panel-grid-cell\" ><div id=\"panel-13-1-1-0\" class=\"so-panel widget widget_sow-editor panel-first-child panel-last-child\" data-index=\"3\" ><div class=\"so-widget-sow-editor so-widget-sow-editor-base\">\n<div class=\"siteorigin-widget-tinymce textwidget\">\n\t<p>\u00a0<\/p>\n<p>\u00a0<\/p>\n<p>Nous r\u00e9pondons agr\u00e9ablement \u00e0 vos questions en vous conseillant des chirurgiens-dentistes, qui comme nous pr\u00e9conisent le travail d'\u00e9quipe : Praticien, Proth\u00e9siste, Patient<\/p>\n<p><a href=\"http:\/\/www.lelabdentaire.com\/#contact\" data-wplink-edit=\"true\">Contactez-nous<\/a><\/p>\n<\/div>\n<\/div><\/div><\/div><\/div><div id=\"pg-13-2\"  class=\"panel-grid panel-no-style\" ><div id=\"pgc-13-2-0\"  class=\"panel-grid-cell\" ><div id=\"panel-13-2-0-0\" class=\"so-panel widget widget_sow-editor panel-first-child panel-last-child\" data-index=\"4\" ><div class=\"so-widget-sow-editor so-widget-sow-editor-base\">\n<div class=\"siteorigin-widget-tinymce textwidget\">\n\t<p>Plus d'information sur les traitements proth\u00e9tiques, visitez le site de Dentalespace : <a href=\"http:\/\/www.dentalespace.com\/\" target=\"_blank\">www.dentalespace.com<\/a><\/p>\n<p><a href=\"http:\/\/www.dentalespace.com\" target=\"_blank\"><img loading=\"lazy\" class=\"size-medium wp-image-18 aligncenter\" src=\"http:\/\/www.lelabdentaire.com\/wp-content\/uploads\/2016\/04\/dental-espace-300x104.jpg\" alt=\"dental-espace\" width=\"300\" height=\"104\" srcset=\"http:\/\/www.lelabdentaire.com\/new-site\/wp-content\/uploads\/2016\/04\/dental-espace-300x104.jpg 300w, http:\/\/www.lelabdentaire.com\/new-site\/wp-content\/uploads\/2016\/04\/dental-espace.jpg 382w\" sizes=\"(max-width: 300px) 100vw, 300px\" \/><\/a><\/p>\n<\/div>\n<\/div><\/div><\/div><div id=\"pgc-13-2-1\"  class=\"panel-grid-cell\" ><div id=\"panel-13-2-1-0\" class=\"so-panel widget widget_sow-editor panel-first-child panel-last-child\" data-index=\"5\" ><div class=\"so-widget-sow-editor so-widget-sow-editor-base\">\n<div class=\"siteorigin-widget-tinymce textwidget\">\n\t<p>Devenir proth\u00e9siste dentaire, notre fili\u00e8re de formation, notre m\u00e9tier, nous vous proposons de lire les informations du site de l'UNPPD : <a href=\"http:\/\/www.unppd.org\/\" target=\"_blank\">www.unppd.org<\/a><\/p>\n<p><a href=\"http:\/\/www.unppd.org\" target=\"_blank\"><img loading=\"lazy\" class=\"size-medium wp-image-19 aligncenter\" src=\"http:\/\/www.lelabdentaire.com\/wp-content\/uploads\/2016\/04\/unppd-300x116.jpg\" alt=\"unppd\" width=\"300\" height=\"116\" srcset=\"http:\/\/www.lelabdentaire.com\/new-site\/wp-content\/uploads\/2016\/04\/unppd-300x116.jpg 300w, http:\/\/www.lelabdentaire.com\/new-site\/wp-content\/uploads\/2016\/04\/unppd-768x296.jpg 768w, http:\/\/www.lelabdentaire.com\/new-site\/wp-content\/uploads\/2016\/04\/unppd.jpg 778w\" sizes=\"(max-width: 300px) 100vw, 300px\" \/><\/a><\/p>\n<\/div>\n<\/div><\/div><\/div><\/div><\/div>","protected":false},"excerpt":{"rendered":"<p>Un implant est une racine artificielle en titane, viss\u00e9e dans l&rsquo;os de la m\u00e2choire sur laquelle est pos\u00e9 une dent proth\u00e9tique esth\u00e9tique.\u00a0 \u00a0\u00a0Nous r\u00e9pondons agr\u00e9ablement \u00e0 vos questions en vous conseillant des chirurgiens-dentistes, qui comme nous pr\u00e9conisent le travail d&rsquo;\u00e9quipe : Praticien, Proth\u00e9siste, PatientContactez-nous<\/p>\n","protected":false},"author":1,"featured_media":0,"parent":0,"menu_order":0,"comment_status":"closed","ping_status":"closed","template":"template-fullwidth.php","meta":[],"_links":{"self":[{"href":"http:\/\/www.lelabdentaire.com\/new-site\/wp-json\/wp\/v2\/pages\/13"}],"collection":[{"href":"http:\/\/www.lelabdentaire.com\/new-site\/wp-json\/wp\/v2\/pages"}],"about":[{"href":"http:\/\/www.lelabdentaire.com\/new-site\/wp-json\/wp\/v2\/types\/page"}],"author":[{"embeddable":true,"href":"http:\/\/www.lelabdentaire.com\/new-site\/wp-json\/wp\/v2\/users\/1"}],"replies":[{"embeddable":true,"href":"http:\/\/www.lelabdentaire.com\/new-site\/wp-json\/wp\/v2\/comments?post=13"}],"version-history":[{"count":10,"href":"http:\/\/www.lelabdentaire.com\/new-site\/wp-json\/wp\/v2\/pages\/13\/revisions"}],"predecessor-version":[{"id":296,"href":"http:\/\/www.lelabdentaire.com\/new-site\/wp-json\/wp\/v2\/pages\/13\/revisions\/296"}],"wp:attachment":[{"href":"http:\/\/www.lelabdentaire.com\/new-site\/wp-json\/wp\/v2\/media?parent=13"}],"curies":[{"name":"wp","href":"https:\/\/api.w.org\/{rel}","templated":true}]}}